{"id":787,"date":"2018-10-20T14:16:04","date_gmt":"2018-10-20T12:16:04","guid":{"rendered":"https:\/\/shop.carbonara-tech.ch\/?post_type=product&#038;p=787"},"modified":"2024-07-11T19:53:23","modified_gmt":"2024-07-11T17:53:23","slug":"horloge-carbopatio","status":"publish","type":"product","link":"https:\/\/shop.carbonara-tech.ch\/fr\/produit\/horloge-carbopatio\/","title":{"rendered":"Horloge CarboPatio"},"content":{"rendered":"<p>Cette horloge au design tr\u00e8s sobre vous guidera \u00e0 travers le temps dans votre pi\u00e8ce.<\/p>\n<p>Elle est fabriqu\u00e9e artisanalement en Suisse et est compos\u00e9e de 100% de fibres de carbone.<\/p>\n<p>D\u2019une couche unique de fibre de carbone forg\u00e9e, elle est disponible en deux finitions, un vernis brillant de haute qualit\u00e9 qui met en valeur l\u2019effet 3D du tissu de carbone, et aussi un vernis mat premium.<\/p>\n<p>Elle est aussi disponible en deux couches de fibres de carbone standard, ou bien avec les fibres design de Carbonara-Tech.<\/p>\n<ul>\n<li>100% fibre de carbone<\/li>\n<li>Disponible en mat ou brillant<\/li>\n<li>Disponible avec les tissus de carbone design de Carbonara-Tech<\/li>\n<li>Moderne, effet 3D<\/li>\n<li>Fait partie de la Carbonara-Tech design luxury collection<\/li>\n<li>Fabriqu\u00e9 \u00e0 la main en Suisse<\/li>\n<li>Dimensions : H 60mm \u00d8300mm<\/li>\n<\/ul>\n","protected":false},"excerpt":{"rendered":"<p>Horloge fibre de carbone<\/p>\n","protected":false},"featured_media":788,"comment_status":"open","ping_status":"closed","template":"","meta":{"_et_pb_use_builder":"","_et_pb_old_content":""},"_links":{"self":[{"href":"https:\/\/shop.carbonara-tech.ch\/fr\/wp-json\/wp\/v2\/product\/787\/"}],"collection":[{"href":"https:\/\/shop.carbonara-tech.ch\/fr\/wp-json\/wp\/v2\/product\/"}],"about":[{"href":"https:\/\/shop.carbonara-tech.ch\/fr\/wp-json\/wp\/v2\/types\/product\/"}],"replies":[{"embeddable":true,"href":"https:\/\/shop.carbonara-tech.ch\/fr\/wp-json\/wp\/v2\/comments\/?post=787"}],"wp:featuredmedia":[{"embeddable":true,"href":"https:\/\/shop.carbonara-tech.ch\/fr\/wp-json\/wp\/v2\/media\/788\/"}],"wp:attachment":[{"href":"https:\/\/shop.carbonara-tech.ch\/fr\/wp-json\/wp\/v2\/media\/?parent=787"}],"curies":[{"name":"wp","href":"https:\/\/api.w.org\/{rel}","templated":true}]}}