{"id":758,"date":"2018-10-19T19:57:45","date_gmt":"2018-10-19T17:57:45","guid":{"rendered":"https:\/\/shop.carbonara-tech.ch\/?post_type=product&#038;p=758"},"modified":"2023-12-17T11:34:26","modified_gmt":"2023-12-17T10:34:26","slug":"pendentif-carbonpearl","status":"publish","type":"product","link":"https:\/\/shop.carbonara-tech.ch\/fr\/produit\/pendentif-carbonpearl\/","title":{"rendered":"Pendentif CarbonPearl"},"content":{"rendered":"<p>Mod\u00e8le chic et sobre, cette perle de cou en fibre de carbone et verre agr\u00e9mentera votre tour de cou de mani\u00e8re sublime.<\/p>\n<ul>\n<li>Verre + copeaux de fibre de carbone<\/li>\n<li>Moderne<\/li>\n<li>Fait partie de la Carbonara-Tech Young Jewelery Collection.<\/li>\n<li>Fabriqu\u00e9 \u00e0 la main en Suisse<\/li>\n<li>Dimensions : diam\u00e8tre 16mm<\/li>\n<\/ul>\n","protected":false},"excerpt":{"rendered":"<p>Pendentif perle carbone<\/p>\n","protected":false},"featured_media":759,"comment_status":"open","ping_status":"closed","template":"","meta":{"_et_pb_use_builder":"","_et_pb_old_content":""},"_links":{"self":[{"href":"https:\/\/shop.carbonara-tech.ch\/fr\/wp-json\/wp\/v2\/product\/758\/"}],"collection":[{"href":"https:\/\/shop.carbonara-tech.ch\/fr\/wp-json\/wp\/v2\/product\/"}],"about":[{"href":"https:\/\/shop.carbonara-tech.ch\/fr\/wp-json\/wp\/v2\/types\/product\/"}],"replies":[{"embeddable":true,"href":"https:\/\/shop.carbonara-tech.ch\/fr\/wp-json\/wp\/v2\/comments\/?post=758"}],"wp:featuredmedia":[{"embeddable":true,"href":"https:\/\/shop.carbonara-tech.ch\/fr\/wp-json\/wp\/v2\/media\/759\/"}],"wp:attachment":[{"href":"https:\/\/shop.carbonara-tech.ch\/fr\/wp-json\/wp\/v2\/media\/?parent=758"}],"curies":[{"name":"wp","href":"https:\/\/api.w.org\/{rel}","templated":true}]}}