{"id":683,"date":"2018-10-12T13:38:02","date_gmt":"2018-10-12T11:38:02","guid":{"rendered":"https:\/\/shop.carbonara-tech.ch\/?post_type=product&#038;p=683"},"modified":"2018-10-25T17:33:00","modified_gmt":"2018-10-25T15:33:00","slug":"bague-double-carbone","status":"publish","type":"product","link":"https:\/\/shop.carbonara-tech.ch\/fr\/produit\/bague-double-carbone\/","title":{"rendered":"Bague CarboTwin"},"content":{"rendered":"<p>Bague au format original, avec ses deux inserts en fibre de carbone.<\/p>\n<ul>\n<li>Fibre de carbone<\/li>\n<li>Moderne<\/li>\n<li>Fait partie de la Carbonara-Tech Young Jewelery Collection.<\/li>\n<li>Fabriqu\u00e9 \u00e0 la main en Suisse<\/li>\n<li>Taille r\u00e9glable<\/li>\n<\/ul>\n","protected":false},"excerpt":{"rendered":"<p>Bague au format original, avec ses deux inserts en fibre de carbone. Fibre de carbone Moderne Fait partie de la Carbonara-Tech Young Jewelery Collection. Fabriqu\u00e9 \u00e0 la main en Suisse Taille r\u00e9glable<\/p>\n","protected":false},"featured_media":663,"comment_status":"open","ping_status":"closed","template":"","meta":{"_et_pb_use_builder":"","_et_pb_old_content":""},"_links":{"self":[{"href":"https:\/\/shop.carbonara-tech.ch\/fr\/wp-json\/wp\/v2\/product\/683\/"}],"collection":[{"href":"https:\/\/shop.carbonara-tech.ch\/fr\/wp-json\/wp\/v2\/product\/"}],"about":[{"href":"https:\/\/shop.carbonara-tech.ch\/fr\/wp-json\/wp\/v2\/types\/product\/"}],"replies":[{"embeddable":true,"href":"https:\/\/shop.carbonara-tech.ch\/fr\/wp-json\/wp\/v2\/comments\/?post=683"}],"wp:featuredmedia":[{"embeddable":true,"href":"https:\/\/shop.carbonara-tech.ch\/fr\/wp-json\/wp\/v2\/media\/663\/"}],"wp:attachment":[{"href":"https:\/\/shop.carbonara-tech.ch\/fr\/wp-json\/wp\/v2\/media\/?parent=683"}],"curies":[{"name":"wp","href":"https:\/\/api.w.org\/{rel}","templated":true}]}}