{"id":606,"date":"2018-10-11T17:47:59","date_gmt":"2018-10-11T15:47:59","guid":{"rendered":"https:\/\/shop.carbonara-tech.ch\/?post_type=product&#038;p=606"},"modified":"2018-10-25T17:34:27","modified_gmt":"2018-10-25T15:34:27","slug":"pendentif-flat-globe","status":"publish","type":"product","link":"https:\/\/shop.carbonara-tech.ch\/fr\/produit\/pendentif-flat-globe\/","title":{"rendered":"Pendentif CarbonFlatglobe"},"content":{"rendered":"<p>Pendentif en forme de globe plat , sublim\u00e9 par ses copeaux de fibre de carbone qui jouent avec la lumi\u00e8re et vous donnent un aspect tr\u00e8s moderne.<\/p>\n<p>Son collier en cuir lui apporte une touche jeune et dynamique.<\/p>\n<ul>\n<li>Verre + copeaux de fibre de carbone<\/li>\n<li>Moderne<\/li>\n<li>Fait partie de la Carbonara-Tech Young Jewelery Collection.<\/li>\n<li>Fabriqu\u00e9 \u00e0 la main en Suisse<\/li>\n<li>Dimensions : 7mm x 35mm<\/li>\n<\/ul>\n","protected":false},"excerpt":{"rendered":"<p>Pendentif globe plat fibre carbone<\/p>\n","protected":false},"featured_media":610,"comment_status":"open","ping_status":"closed","template":"","meta":{"_et_pb_use_builder":"","_et_pb_old_content":""},"_links":{"self":[{"href":"https:\/\/shop.carbonara-tech.ch\/fr\/wp-json\/wp\/v2\/product\/606\/"}],"collection":[{"href":"https:\/\/shop.carbonara-tech.ch\/fr\/wp-json\/wp\/v2\/product\/"}],"about":[{"href":"https:\/\/shop.carbonara-tech.ch\/fr\/wp-json\/wp\/v2\/types\/product\/"}],"replies":[{"embeddable":true,"href":"https:\/\/shop.carbonara-tech.ch\/fr\/wp-json\/wp\/v2\/comments\/?post=606"}],"wp:featuredmedia":[{"embeddable":true,"href":"https:\/\/shop.carbonara-tech.ch\/fr\/wp-json\/wp\/v2\/media\/610\/"}],"wp:attachment":[{"href":"https:\/\/shop.carbonara-tech.ch\/fr\/wp-json\/wp\/v2\/media\/?parent=606"}],"curies":[{"name":"wp","href":"https:\/\/api.w.org\/{rel}","templated":true}]}}