{"id":563,"date":"2018-10-11T15:22:49","date_gmt":"2018-10-11T13:22:49","guid":{"rendered":"https:\/\/shop.carbonara-tech.ch\/?post_type=product&#038;p=563"},"modified":"2019-05-29T16:59:23","modified_gmt":"2019-05-29T14:59:23","slug":"pot-fleur","status":"publish","type":"product","link":"https:\/\/shop.carbonara-tech.ch\/fr\/produit\/pot-fleur\/","title":{"rendered":"Pot fleur CarboWer"},"content":{"rendered":"<p>Ces luxueux pots de fleurs sont l\u2019objet ultime de d\u00e9coration d\u2019int\u00e9rieur. Ils allient l\u2019\u00e9l\u00e9gance de vos plantes au design 3D et high-tech du carbone.<\/p>\n<p>Provenant de la gamme luxe de Carbonara-Tech, ces cache-pots sont fabriqu\u00e9s artisanalement \u00e0 partir de 100% de fibre de carbone. Ils sont disponibles en deux finitions, un vernis brillant de haute qualit\u00e9 qui met en valeur l\u2019effet 3D du tissu de carbone, et aussi un vernis mat premium.<\/p>\n<ul>\n<li>100% Fibre de carbone<\/li>\n<li>Disponible en mat ou brillant<\/li>\n<li>Moderne, effet 3D<\/li>\n<li>Gamme design luxury Carbonara-Tech<\/li>\n<li>Dimensions : H 110mm \u00d880 x \u00d8120 Autres dimensions sur demande<\/li>\n<\/ul>\n<p>&nbsp;<\/p>\n","protected":false},"excerpt":{"rendered":"<p>Cache-pot de fleur en fibre de carbone<\/p>\n","protected":false},"featured_media":316,"comment_status":"open","ping_status":"closed","template":"","meta":{"_et_pb_use_builder":"","_et_pb_old_content":""},"_links":{"self":[{"href":"https:\/\/shop.carbonara-tech.ch\/fr\/wp-json\/wp\/v2\/product\/563\/"}],"collection":[{"href":"https:\/\/shop.carbonara-tech.ch\/fr\/wp-json\/wp\/v2\/product\/"}],"about":[{"href":"https:\/\/shop.carbonara-tech.ch\/fr\/wp-json\/wp\/v2\/types\/product\/"}],"replies":[{"embeddable":true,"href":"https:\/\/shop.carbonara-tech.ch\/fr\/wp-json\/wp\/v2\/comments\/?post=563"}],"wp:featuredmedia":[{"embeddable":true,"href":"https:\/\/shop.carbonara-tech.ch\/fr\/wp-json\/wp\/v2\/media\/316\/"}],"wp:attachment":[{"href":"https:\/\/shop.carbonara-tech.ch\/fr\/wp-json\/wp\/v2\/media\/?parent=563"}],"curies":[{"name":"wp","href":"https:\/\/api.w.org\/{rel}","templated":true}]}}