{"id":1075,"date":"2019-07-11T16:13:21","date_gmt":"2019-07-11T14:13:21","guid":{"rendered":"https:\/\/shop.carbonara-tech.ch\/?post_type=product&#038;p=1075"},"modified":"2024-07-11T19:52:55","modified_gmt":"2024-07-11T17:52:55","slug":"tasses-a-cafe-carbocof","status":"publish","type":"product","link":"https:\/\/shop.carbonara-tech.ch\/fr\/produit\/tasses-a-cafe-carbocof\/","title":{"rendered":"Tasses \u00e0 caf\u00e9 CarboCof"},"content":{"rendered":"<p>Ces luxueuses tasses \u00e0 caf\u00e9 agr\u00e9menteront votre cuisine d&rsquo;une touche tr\u00e8s high-tech. Elles sont vendues par 2 dans leur coffret sp\u00e9cial incluant aussi leurs touillettes.<\/p>\n<p>Provenant de la gamme luxe de Carbonara-Tech, ces tasses \u00e0 expresso sont fabriqu\u00e9es artisanalement \u00e0 partir de fibre de carbone et d&rsquo;acier inoxydable. Elles sont disponibles en deux finitions, un vernis brillant de haute qualit\u00e9 qui met en valeur l\u2019effet 3D du tissu de carbone, et aussi un vernis mat premium.<\/p>\n<ul>\n<li>Fibre de carbone et acier inoxydable<\/li>\n<li>Disponible en mat ou brillant<\/li>\n<li>Moderne, effet 3D<\/li>\n<li>Gamme design luxury Carbonara-Tech<\/li>\n<li>Dimensions : H60mm x\u00a0 \u00d864<\/li>\n<\/ul>\n","protected":false},"excerpt":{"rendered":"<p>Ces luxueuses tasses \u00e0 caf\u00e9 agr\u00e9menteront votre cuisine d&rsquo;une touche tr\u00e8s high-tech. Elles sont vendues par 2 dans leur coffret sp\u00e9cial incluant aussi leurs touillettes. Provenant de la gamme luxe de Carbonara-Tech, ces tasses \u00e0 expresso sont fabriqu\u00e9es artisanalement \u00e0 partir de fibre de carbone et d&rsquo;acier inoxydable. Elles sont disponibles en deux finitions, un [&hellip;]<\/p>\n","protected":false},"featured_media":1066,"comment_status":"open","ping_status":"closed","template":"","meta":{"_et_pb_use_builder":"","_et_pb_old_content":""},"_links":{"self":[{"href":"https:\/\/shop.carbonara-tech.ch\/fr\/wp-json\/wp\/v2\/product\/1075\/"}],"collection":[{"href":"https:\/\/shop.carbonara-tech.ch\/fr\/wp-json\/wp\/v2\/product\/"}],"about":[{"href":"https:\/\/shop.carbonara-tech.ch\/fr\/wp-json\/wp\/v2\/types\/product\/"}],"replies":[{"embeddable":true,"href":"https:\/\/shop.carbonara-tech.ch\/fr\/wp-json\/wp\/v2\/comments\/?post=1075"}],"wp:featuredmedia":[{"embeddable":true,"href":"https:\/\/shop.carbonara-tech.ch\/fr\/wp-json\/wp\/v2\/media\/1066\/"}],"wp:attachment":[{"href":"https:\/\/shop.carbonara-tech.ch\/fr\/wp-json\/wp\/v2\/media\/?parent=1075"}],"curies":[{"name":"wp","href":"https:\/\/api.w.org\/{rel}","templated":true}]}}