{"id":1047,"date":"2019-05-29T16:54:17","date_gmt":"2019-05-29T14:54:17","guid":{"rendered":"https:\/\/shop.carbonara-tech.ch\/?post_type=product&#038;p=1047"},"modified":"2024-07-11T19:52:10","modified_gmt":"2024-07-11T17:52:10","slug":"etui-a-cigares-doublecig","status":"publish","type":"product","link":"https:\/\/shop.carbonara-tech.ch\/fr\/produit\/etui-a-cigares-doublecig\/","title":{"rendered":"Etui \u00e0 cigares DoubleCig"},"content":{"rendered":"<p>Etui \u00e0 cigares 100% fibre de carbone<\/p>\n<ul>\n<li>Fibre de carbone<\/li>\n<li>Moderne<\/li>\n<li>Fait partie de la Carbonara-Tech Design Collection.<\/li>\n<li>Longueur ferm\u00e9 155mm<\/li>\n<li>Diam\u00e8tre int\u00e9rieur 24mm<\/li>\n<li>Fabriqu\u00e9 en Suisse<\/li>\n<\/ul>\n","protected":false},"excerpt":{"rendered":"<p>Etui \u00e0 cigares 100% fibre de carbone Fibre de carbone Moderne Fait partie de la Carbonara-Tech Design Collection. Longueur ferm\u00e9 155mm Diam\u00e8tre int\u00e9rieur 24mm Fabriqu\u00e9 en Suisse<\/p>\n","protected":false},"featured_media":1050,"comment_status":"open","ping_status":"closed","template":"","meta":{"_et_pb_use_builder":"","_et_pb_old_content":""},"_links":{"self":[{"href":"https:\/\/shop.carbonara-tech.ch\/fr\/wp-json\/wp\/v2\/product\/1047\/"}],"collection":[{"href":"https:\/\/shop.carbonara-tech.ch\/fr\/wp-json\/wp\/v2\/product\/"}],"about":[{"href":"https:\/\/shop.carbonara-tech.ch\/fr\/wp-json\/wp\/v2\/types\/product\/"}],"replies":[{"embeddable":true,"href":"https:\/\/shop.carbonara-tech.ch\/fr\/wp-json\/wp\/v2\/comments\/?post=1047"}],"wp:featuredmedia":[{"embeddable":true,"href":"https:\/\/shop.carbonara-tech.ch\/fr\/wp-json\/wp\/v2\/media\/1050\/"}],"wp:attachment":[{"href":"https:\/\/shop.carbonara-tech.ch\/fr\/wp-json\/wp\/v2\/media\/?parent=1047"}],"curies":[{"name":"wp","href":"https:\/\/api.w.org\/{rel}","templated":true}]}}