{"id":846,"date":"2018-10-09T17:02:30","date_gmt":"2018-10-09T15:02:30","guid":{"rendered":"https:\/\/shop.carbonara-tech.ch\/mon-compte\/"},"modified":"2018-10-23T11:12:38","modified_gmt":"2018-10-23T09:12:38","slug":"my-account","status":"publish","type":"page","link":"https:\/\/shop.carbonara-tech.ch\/en\/my-account\/","title":{"rendered":"My account"},"content":{"rendered":"<div class=\"woocommerce\">\n\n\n\n<div class=\"u-columns col2-set\" id=\"customer_login\">\n\n\t<div class=\"u-column1 col-1\">\n\n\n\t\t<h2>Login<\/h2>\n\n\t\t<form class=\"woocommerce-form woocommerce-form-login login\" method=\"post\">\n\n\t\t\t\n\t\t\t<p class=\"woocommerce-form-row woocommerce-form-row--wide form-row form-row-wide\">\n\t\t\t\t<label for=\"username\">Username or email address&nbsp;<span class=\"required\">*<\/span><\/label>\n\t\t\t\t<input type=\"text\" class=\"woocommerce-Input woocommerce-Input--text input-text\" name=\"username\" id=\"username\" autocomplete=\"username\" value=\"\" \/>\t\t\t<\/p>\n\t\t\t<p class=\"woocommerce-form-row woocommerce-form-row--wide form-row form-row-wide\">\n\t\t\t\t<label for=\"password\">Password&nbsp;<span class=\"required\">*<\/span><\/label>\n\t\t\t\t<input class=\"woocommerce-Input woocommerce-Input--text input-text\" type=\"password\" name=\"password\" id=\"password\" autocomplete=\"current-password\" \/>\n\t\t\t<\/p>\n\n\t\t\t\n\t\t\t<p class=\"form-row\">\n\t\t\t\t<input type=\"hidden\" id=\"woocommerce-login-nonce\" name=\"woocommerce-login-nonce\" value=\"934c3af20f\" \/><input type=\"hidden\" name=\"_wp_http_referer\" value=\"\/en\/wp-json\/wp\/v2\/pages\/846\/\" \/>\t\t\t\t<button type=\"submit\" class=\"woocommerce-Button button\" name=\"login\" value=\"Log in\">Log in<\/button>\n\t\t\t\t<label class=\"woocommerce-form__label woocommerce-form__label-for-checkbox inline\">\n\t\t\t\t\t<input class=\"woocommerce-form__input woocommerce-form__input-checkbox\" name=\"rememberme\" type=\"checkbox\" id=\"rememberme\" value=\"forever\" \/> <span>Remember me<\/span>\n\t\t\t\t<\/label>\n\t\t\t<\/p>\n\t\t\t<p class=\"woocommerce-LostPassword lost_password\">\n\t\t\t\t<a href=\"https:\/\/shop.carbonara-tech.ch\/en\/my-account\/lost-password\/\">Lost your password?<\/a>\n\t\t\t<\/p>\n\n\t\t\t\n\t\t<\/form>\n\n\n\t<\/div>\n\n\t<div class=\"u-column2 col-2\">\n\n\t\t<h2>Register<\/h2>\n\n\t\t<form method=\"post\" class=\"woocommerce-form woocommerce-form-register register\">\n\n\t\t\t\n\t\t\t\n\t\t\t<p class=\"woocommerce-form-row woocommerce-form-row--wide form-row form-row-wide\">\n\t\t\t\t<label for=\"reg_email\">Email address&nbsp;<span class=\"required\">*<\/span><\/label>\n\t\t\t\t<input type=\"email\" class=\"woocommerce-Input woocommerce-Input--text input-text\" name=\"email\" id=\"reg_email\" autocomplete=\"email\" value=\"\" \/>\t\t\t<\/p>\n\n\t\t\t\n\t\t\t<div class=\"woocommerce-privacy-policy-text\"><p>Vos donn\u00e9es personnelles seront utilis\u00e9es pour vous accompagner au cours de votre visite du site web, g\u00e9rer l\u2019acc\u00e8s \u00e0 votre compte, et pour d\u2019autres raisons d\u00e9crites dans nos conditions g\u00e9n\u00e9rales.<\/p>\n<\/div><!-- MailChimp for WordPress v4.2.5 - https:\/\/mc4wp.com\/ --><input type=\"hidden\" name=\"_mc4wp_subscribe_wp-registration-form\" value=\"0\" \/><p class=\"mc4wp-checkbox mc4wp-checkbox-wp-registration-form\"><label><input type=\"checkbox\" name=\"_mc4wp_subscribe_wp-registration-form\" value=\"1\" checked=\"checked\" \/><span>Sign me up for the newsletter!<\/span><\/label><\/p><!-- \/ MailChimp for WordPress -->\n\t\t\t<p class=\"woocommerce-FormRow form-row\">\n\t\t\t\t<input type=\"hidden\" id=\"woocommerce-register-nonce\" name=\"woocommerce-register-nonce\" value=\"0840b3f4dd\" \/><input type=\"hidden\" name=\"_wp_http_referer\" value=\"\/en\/wp-json\/wp\/v2\/pages\/846\/\" \/>\t\t\t\t<button type=\"submit\" class=\"woocommerce-Button button\" name=\"register\" value=\"Register\">Register<\/button>\n\t\t\t<\/p>\n\n\t\t\t\n\t\t<\/form>\n\n\t<\/div>\n\n<\/div>\n\n<\/div>\n","protected":false},"excerpt":{"rendered":"","protected":false},"author":1,"featured_media":0,"parent":0,"menu_order":0,"comment_status":"closed","ping_status":"closed","template":"","meta":{"_et_pb_use_builder":"","_et_pb_old_content":""},"_links":{"self":[{"href":"https:\/\/shop.carbonara-tech.ch\/en\/wp-json\/wp\/v2\/pages\/846\/"}],"collection":[{"href":"https:\/\/shop.carbonara-tech.ch\/en\/wp-json\/wp\/v2\/pages\/"}],"about":[{"href":"https:\/\/shop.carbonara-tech.ch\/en\/wp-json\/wp\/v2\/types\/page\/"}],"author":[{"embeddable":true,"href":"https:\/\/shop.carbonara-tech.ch\/en\/wp-json\/wp\/v2\/users\/1\/"}],"replies":[{"embeddable":true,"href":"https:\/\/shop.carbonara-tech.ch\/en\/wp-json\/wp\/v2\/comments\/?post=846"}],"version-history":[{"count":0,"href":"https:\/\/shop.carbonara-tech.ch\/en\/wp-json\/wp\/v2\/pages\/846\/revisions\/"}],"wp:attachment":[{"href":"https:\/\/shop.carbonara-tech.ch\/en\/wp-json\/wp\/v2\/media\/?parent=846"}],"curies":[{"name":"wp","href":"https:\/\/api.w.org\/{rel}","templated":true}]}}